{"id":762,"date":"2017-07-14T01:53:32","date_gmt":"2017-07-14T01:53:32","guid":{"rendered":"https:\/\/preprod.chrysnahair.fr\/?page_id=762"},"modified":"2023-09-27T05:20:21","modified_gmt":"2023-09-27T05:20:21","slug":"contact-us","status":"publish","type":"page","link":"https:\/\/preprod.chrysnahair.fr\/?page_id=762","title":{"rendered":"Nous contacter"},"content":{"rendered":"<section class=\"wpb-content-wrapper\"><p>[vc_row][vc_column][vc_column_text css=\u00a0\u00bb.vc_custom_1695791992782{margin-bottom: 33px !important;}\u00a0\u00bb]<\/p>\n<div class=\"line-ef text-center\"><img decoding=\"async\" loading=\"lazy\" class=\"alignnone size-full wp-image-2792\" src=\"https:\/\/preprod.chrysnahair.fr\/wp-content\/uploads\/2023\/09\/icon_image.png\" alt=\"\" width=\"41\" height=\"17\" \/><\/div>\n<p>[\/vc_column_text][vc_custom_heading text=\u00a0\u00bbBienvenue chez\u00a0\u00bb font_container=\u00a0\u00bbtag:h3|font_size:24|text_align:center|color:%237a7992&Prime; google_fonts=\u00a0\u00bbfont_family:Arizonia%3Aregular|font_style:400%20regular%3A400%3Anormal\u00a0\u00bb css=\u00a0\u00bb.vc_custom_1688557304614{margin-bottom: -3px !important;}\u00a0\u00bb][vc_custom_heading text=\u00a0\u00bbChrysna Hair\u00a0\u00bb font_container=\u00a0\u00bbtag:h3|font_size:36|text_align:center|color:%232d2c40&Prime; google_fonts=\u00a0\u00bbfont_family:Creepster%3Aregular|font_style:400%20regular%3A400%3Anormal\u00a0\u00bb el_class=\u00a0\u00bbfont-custom\u00a0\u00bb css=\u00a0\u00bb.vc_custom_1688557292654{margin-bottom: 14px !important;}\u00a0\u00bb][vc_column_text css=\u00a0\u00bb.vc_custom_1695792010731{margin-bottom: 33px !important;}\u00a0\u00bb]<\/p>\n<div class=\"line-ef text-center\"><img decoding=\"async\" loading=\"lazy\" class=\"alignnone size-full wp-image-2792\" src=\"https:\/\/preprod.chrysnahair.fr\/wp-content\/uploads\/2023\/09\/icon_image.png\" alt=\"\" width=\"41\" height=\"17\" \/><\/div>\n<p>[\/vc_column_text][vc_column_text css=\u00a0\u00bb.vc_custom_1688557332392{padding-bottom: 43px !important;}\u00a0\u00bb][\/vc_column_text][\/vc_column][\/vc_row][vc_row][vc_column width=\u00a0\u00bb1\/3&Prime;][vc_column_text el_class=\u00a0\u00bbcontact-box\u00a0\u00bb]<\/p>\n<h5 style=\"text-align: center;\">Localisation<\/h5>\n<h4 style=\"text-align: center;\">7 rue de l\u2019\u00e9glise, 45210, Fontenay sur Loing, France<\/h4>\n<p>[\/vc_column_text][\/vc_column][vc_column width=\u00a0\u00bb1\/3&Prime;][vc_column_text el_class=\u00a0\u00bbcontact-box\u00a0\u00bb]<\/p>\n<h4 style=\"text-align: center;\">Contacts<\/h4>\n<h4 style=\"text-align: center;\">Site web\u00a0: <a href=\"https:\/\/www.chrysnahair.fr\/\">https:\/\/www.chrysnahair.fr<\/a><br \/>\nE-mail\u00a0: <a href=\"mailto:chrysnahair@gmail.com\">chrysnahair@gmail.com<\/a><\/h4>\n<p>[\/vc_column_text][\/vc_column][vc_column width=\u00a0\u00bb1\/3&Prime;][vc_column_text el_class=\u00a0\u00bbcontact-box\u00a0\u00bb]<\/p>\n<h3 style=\"text-align: center;\">T\u00e9l\u00e9phone \/ WhatsApp<\/h3>\n<h5 style=\"text-align: center;\">T\u00e9l\u00e9phone: <strong>06 52 45 76 88<\/strong><\/h5>\n<p>[\/vc_column_text][\/vc_column][\/vc_row][vc_row][vc_column][vc_separator color=\u00a0\u00bbcustom\u00a0\u00bb accent_color=\u00a0\u00bb#ebebeb\u00a0\u00bb css=\u00a0\u00bb.vc_custom_1500000597588{padding-top: 41px !important;padding-bottom: 45px !important;}\u00a0\u00bb][vc_gmaps link=\u00a0\u00bb#E-8_JTNDaWZyYW1lJTIwc3JjJTNEJTIyaHR0cHMlM0ElMkYlMkZ3d3cuZ29vZ2xlLmNvbSUyRm1hcHMlMkZlbWJlZCUzRnBiJTNEJTIxMW0xOCUyMTFtMTIlMjExbTMlMjExZDY3NzExOS41ODQ1OTcwMzg1JTIxMmQxLjg5ODk0NzA0MzA3NDQyMyUyMTNkNDguNDc1NzQ0NzI5ODg5NDklMjEybTMlMjExZjAlMjEyZjAlMjEzZjAlMjEzbTIlMjExaTEwMjQlMjEyaTc2OCUyMTRmMTMuMSUyMTNtMyUyMTFtMiUyMTFzMHg0N2VmN2Y2YzUyZTNmOWExJTI1M0EweGM2Mjg5MTEwN2Q5MzUyNjMlMjEyc0NocnlzbmElMjUyMEhhaXIlMjE1ZTAlMjEzbTIlMjExc2ZyJTIxMnNjbSUyMTR2MTY5NDA2NTEyMzM1NiUyMTVtMiUyMTFzZnIlMjEyc2NtJTIyJTIwd2lkdGglM0QlMjI2MDAlMjIlMjBoZWlnaHQlM0QlMjI0NTAlMjIlMjBzdHlsZSUzRCUyMmJvcmRlciUzQTAlM0IlMjIlMjBhbGxvd2Z1bGxzY3JlZW4lM0QlMjIlMjIlMjBsb2FkaW5nJTNEJTIybGF6eSUyMiUyMHJlZmVycmVycG9saWN5JTNEJTIybm8tcmVmZXJyZXItd2hlbi1kb3duZ3JhZGUlMjIlM0UlM0MlMkZpZnJhbWUlM0U=\u00a0\u00bb][\/vc_column][\/vc_row][vc_row css=\u00a0\u00bb.vc_custom_1500003939842{padding-bottom: 49px !important;}\u00a0\u00bb][vc_column][vc_column_text]<\/p>\n<h2 style=\"text-align: center;\">Nous \u00e9crire !<\/h2>\n<p>[\/vc_column_text][vc_column_text css=\u00a0\u00bb.vc_custom_1695017668436{padding-bottom: 34px !important;}\u00a0\u00bb]<\/p>\n<h3 class=\"text-block-custom\">Vous avez un soucis, une preoccupation particuli\u00e8re, veuillez nous \u00e9crire et nous vous r\u00e9pondrons dans les brefs d\u00e9lais<\/h3>\n<p>[\/vc_column_text]\n<div class=\"wpcf7 no-js\" id=\"wpcf7-f789-o1\" lang=\"en-US\" dir=\"ltr\">\n<div class=\"screen-reader-response\"><p role=\"status\" aria-live=\"polite\" aria-atomic=\"true\"><\/p> <ul><\/ul><\/div>\n<form action=\"\/index.php?rest_route=%2Fwp%2Fv2%2Fpages%2F762#wpcf7-f789-o1\" method=\"post\" class=\"wpcf7-form init\" aria-label=\"Contact form\" novalidate=\"novalidate\" data-status=\"init\">\n<div style=\"display: none;\">\n<input type=\"hidden\" name=\"_wpcf7\" value=\"789\" \/>\n<input type=\"hidden\" name=\"_wpcf7_version\" value=\"5.8\" \/>\n<input type=\"hidden\" name=\"_wpcf7_locale\" value=\"en_US\" \/>\n<input type=\"hidden\" name=\"_wpcf7_unit_tag\" value=\"wpcf7-f789-o1\" \/>\n<input type=\"hidden\" name=\"_wpcf7_container_post\" value=\"0\" \/>\n<input type=\"hidden\" name=\"_wpcf7_posted_data_hash\" value=\"\" \/>\n<\/div>\n<div class=\"form-page-contact row\">\n\t<div class=\"col-lg-4 col-md-4 col-sm-12 col-xs-12\">\n\t\t<p><span class=\"wpcf7-form-control-wrap\" data-name=\"text-167\"><input size=\"40\" class=\"wpcf7-form-control wpcf7-text wpcf7-validates-as-required\" aria-required=\"true\" aria-invalid=\"false\" placeholder=\"Nom\" value=\"\" type=\"text\" name=\"text-167\" \/><\/span>\n\t\t<\/p>\n\t<\/div>\n\t<div class=\"col-lg-4 col-md-4 col-sm-12 col-xs-12\">\n\t\t<p><span class=\"wpcf7-form-control-wrap\" data-name=\"email-262\"><input size=\"40\" class=\"wpcf7-form-control wpcf7-email wpcf7-validates-as-required wpcf7-text wpcf7-validates-as-email\" aria-required=\"true\" aria-invalid=\"false\" placeholder=\"Email\" value=\"\" type=\"email\" name=\"email-262\" \/><\/span>\n\t\t<\/p>\n\t<\/div>\n\t<div class=\"col-lg-4 col-md-4 col-sm-12 col-xs-12\">\n\t\t<p><span class=\"wpcf7-form-control-wrap\" data-name=\"Telephone\"><input size=\"40\" class=\"wpcf7-form-control wpcf7-tel wpcf7-validates-as-required wpcf7-text wpcf7-validates-as-tel\" aria-required=\"true\" aria-invalid=\"false\" placeholder=\"00 00 00 00 00\" value=\"\" type=\"tel\" name=\"Telephone\" \/><\/span>\n\t\t<\/p>\n\t<\/div>\n\t<div class=\"col-lg-12 col-md-12 col-sm-12 col-xs-12\">\n\t\t<p><span class=\"wpcf7-form-control-wrap\" data-name=\"textarea-801\"><textarea cols=\"40\" rows=\"10\" class=\"wpcf7-form-control wpcf7-textarea wpcf7-validates-as-required\" aria-required=\"true\" aria-invalid=\"false\" placeholder=\"Messages\" name=\"textarea-801\"><\/textarea><\/span>\n\t\t<\/p>\n\t<\/div>\n\t<div class=\"col-lg-12 col-md-12 col-sm-12 col-xs-12 text-center\">\n\t\t<p><input class=\"wpcf7-form-control wpcf7-submit has-spinner\" type=\"submit\" value=\"Envoyer le message\" \/>\n\t\t<\/p>\n\t<\/div>\n<\/div><div class=\"wpcf7-response-output\" aria-hidden=\"true\"><\/div>\n<\/form>\n<\/div>\n[\/vc_column][\/vc_row]<\/p>\n<\/section>","protected":false},"excerpt":{"rendered":"<p>[vc_row][vc_column][vc_column_text css=\u00a0\u00bb.vc_custom_1695791992782{margin-bottom: 33px !important;}\u00a0\u00bb] [\/vc_column_text][vc_custom_heading text=\u00a0\u00bbBienvenue chez\u00a0\u00bb font_container=\u00a0\u00bbtag:h3|font_size:24|text_align:center|color:%237a7992&Prime; google_fonts=\u00a0\u00bbfont_family:Arizonia%3Aregular|font_style:400%20regular%3A400%3Anormal\u00a0\u00bb css=\u00a0\u00bb.vc_custom_1688557304614{margin-bottom: -3px !important;}\u00a0\u00bb][vc_custom_heading text=\u00a0\u00bbChrysna Hair\u00a0\u00bb font_container=\u00a0\u00bbtag:h3|font_size:36|text_align:center|color:%232d2c40&Prime; google_fonts=\u00a0\u00bbfont_family:Creepster%3Aregular|font_style:400%20regular%3A400%3Anormal\u00a0\u00bb el_class=\u00a0\u00bbfont-custom\u00a0\u00bb css=\u00a0\u00bb.vc_custom_1688557292654{margin-bottom: 14px !important;}\u00a0\u00bb][vc_column_text css=\u00a0\u00bb.vc_custom_1695792010731{margin-bottom: 33px !important;}\u00a0\u00bb] [\/vc_column_text][vc_column_text css=\u00a0\u00bb.vc_custom_1688557332392{padding-bottom: 43px !important;}\u00a0\u00bb][\/vc_column_text][\/vc_column][\/vc_row][vc_row][vc_column width=\u00a0\u00bb1\/3&Prime;][vc_column_text el_class=\u00a0\u00bbcontact-box\u00a0\u00bb] Localisation 7 rue de l\u2019\u00e9glise, 45210, Fontenay sur Loing, France [\/vc_column_text][\/vc_column][vc_column width=\u00a0\u00bb1\/3&Prime;][vc_column_text el_class=\u00a0\u00bbcontact-box\u00a0\u00bb] Contacts Site web\u00a0: https:\/\/www.chrysnahair.fr E-mail\u00a0: chrysnahair@gmail.com [\/vc_column_text][\/vc_column][vc_column width=\u00a0\u00bb1\/3&Prime;][vc_column_text el_class=\u00a0\u00bbcontact-box\u00a0\u00bb] T\u00e9l\u00e9phone \/ WhatsApp T\u00e9l\u00e9phone: [&hellip;]<\/p>\n","protected":false},"author":1,"featured_media":0,"parent":0,"menu_order":0,"comment_status":"closed","ping_status":"closed","template":"","meta":[],"lang":"fr","translations":{"fr":762},"pll_sync_post":[],"_links":{"self":[{"href":"https:\/\/preprod.chrysnahair.fr\/index.php?rest_route=\/wp\/v2\/pages\/762"}],"collection":[{"href":"https:\/\/preprod.chrysnahair.fr\/index.php?rest_route=\/wp\/v2\/pages"}],"about":[{"href":"https:\/\/preprod.chrysnahair.fr\/index.php?rest_route=\/wp\/v2\/types\/page"}],"author":[{"embeddable":true,"href":"https:\/\/preprod.chrysnahair.fr\/index.php?rest_route=\/wp\/v2\/users\/1"}],"replies":[{"embeddable":true,"href":"https:\/\/preprod.chrysnahair.fr\/index.php?rest_route=%2Fwp%2Fv2%2Fcomments&post=762"}],"version-history":[{"count":11,"href":"https:\/\/preprod.chrysnahair.fr\/index.php?rest_route=\/wp\/v2\/pages\/762\/revisions"}],"predecessor-version":[{"id":2793,"href":"https:\/\/preprod.chrysnahair.fr\/index.php?rest_route=\/wp\/v2\/pages\/762\/revisions\/2793"}],"wp:attachment":[{"href":"https:\/\/preprod.chrysnahair.fr\/index.php?rest_route=%2Fwp%2Fv2%2Fmedia&parent=762"}],"curies":[{"name":"wp","href":"https:\/\/api.w.org\/{rel}","templated":true}]}}