{"id":737,"date":"2017-07-13T09:37:14","date_gmt":"2017-07-13T09:37:14","guid":{"rendered":"https:\/\/preprod.chrysnahair.fr\/?page_id=737"},"modified":"2023-09-27T05:22:09","modified_gmt":"2023-09-27T05:22:09","slug":"about-us-2","status":"publish","type":"page","link":"https:\/\/preprod.chrysnahair.fr\/?page_id=737","title":{"rendered":"A propos"},"content":{"rendered":"<section class=\"wpb-content-wrapper\"><p>[vc_row css=\u00a0\u00bb.vc_custom_1499996270327{padding-bottom: 80px !important;}\u00a0\u00bb][vc_column]\t\t<div class=\"about-video\">\r\n \t                    <a href=\"#\" class=\"about-video-button\"> <span class=\"ti-control-play\"><\/span> <\/a>\r\n\t\t<\/div>\r\n    [vc_custom_heading text=\u00a0\u00bbBienvenue chez\u00a0\u00bb font_container=\u00a0\u00bbtag:h3|font_size:24|text_align:center|color:%237a7992&Prime; google_fonts=\u00a0\u00bbfont_family:Arizonia%3Aregular|font_style:400%20regular%3A400%3Anormal\u00a0\u00bb css=\u00a0\u00bb.vc_custom_1688528125820{margin-bottom: -3px !important;}\u00a0\u00bb][vc_custom_heading text=\u00a0\u00bbChrysna\u00a0\u00bb font_container=\u00a0\u00bbtag:h3|font_size:36|text_align:center|color:%232d2c40&Prime; google_fonts=\u00a0\u00bbfont_family:Creepster%3Aregular|font_style:400%20regular%3A400%3Anormal\u00a0\u00bb el_class=\u00a0\u00bbfont-custom\u00a0\u00bb css=\u00a0\u00bb.vc_custom_1688528148902{margin-bottom: 14px !important;}\u00a0\u00bb][vc_column_text css=\u00a0\u00bb.vc_custom_1695792080558{margin-bottom: 33px !important;}\u00a0\u00bb]<\/p>\n<div class=\"line-ef text-center\"><img decoding=\"async\" loading=\"lazy\" class=\"alignnone size-full wp-image-2792\" src=\"https:\/\/preprod.chrysnahair.fr\/wp-content\/uploads\/2023\/09\/icon_image.png\" alt=\"\" width=\"41\" height=\"17\" \/><\/div>\n<p>[\/vc_column_text][vc_column_text css=\u00a0\u00bb.vc_custom_1695017164523{padding-bottom: 53px !important;}\u00a0\u00bb]<\/p>\n<div class=\"text-block-custom\">\n<h2 class=\"wp-block-heading\">A l\u2019origine !<\/h2>\n<p><img decoding=\"async\" loading=\"lazy\" class=\"size-medium wp-image-2747 aligncenter\" src=\"https:\/\/preprod.chrysnahair.fr\/wp-content\/uploads\/2023\/09\/image_2023-09-18_070240580-265x300.png\" alt=\"\" width=\"265\" height=\"300\" srcset=\"https:\/\/preprod.chrysnahair.fr\/wp-content\/uploads\/2023\/09\/image_2023-09-18_070240580-265x300.png 265w, https:\/\/preprod.chrysnahair.fr\/wp-content\/uploads\/2023\/09\/image_2023-09-18_070240580-370x418.png 370w, https:\/\/preprod.chrysnahair.fr\/wp-content\/uploads\/2023\/09\/image_2023-09-18_070240580.png 473w\" sizes=\"(max-width: 265px) 100vw, 265px\" \/><\/p>\n<p>Passionn\u00e9e par les r\u00e9seaux sociaux, Chrysna a d\u2019abord commenc\u00e9, en juin 2019, par cr\u00e9er sa chaine youtube <a href=\"https:\/\/www.youtube.com\/c\/MylifeChrysna\">MyLifeChrysna<\/a> pour partager ses astuces \u201ccuisine\u201d, \u201cbeaut\u00e9\u201d et autres \u201cbillets d\u2019humeur\u201d.<\/p>\n<p>Fort du premier succ\u00e8s de sa chaine youtube qui atteint aujourd\u2019hui plus de <strong>2140 abonn\u00e9s<\/strong>, Chrysna a r\u00e9cemment (mai 2021) d\u00e9cid\u00e9e de lancer un commerce sur internet.<\/p>\n<p>Cette boutique <strong>Chrysna Hair<\/strong> vous propose des belles Wig, Lace frontale, des m\u00e8ches br\u00e9siliennes 100% human hair, des tissages, des faux cils, des faux ongles, des shampoings \u201csp\u00e9cial extention\u201d, et des bonnets de confection pour la beaut\u00e9 des femmes.<\/p>\n<\/div>\n<p>[\/vc_column_text][vc_column_text css=\u00a0\u00bb.vc_custom_1695017086140{padding-bottom: 53px !important;}\u00a0\u00bb]<\/p>\n<div class=\"text-block-custom\">\n<h2 class=\"wp-block-heading\">Le projet !<\/h2>\n<p><img decoding=\"async\" loading=\"lazy\" class=\"alignnone size-medium wp-image-2748\" src=\"https:\/\/preprod.chrysnahair.fr\/wp-content\/uploads\/2023\/09\/image_2023-09-18_070429987-235x300.png\" alt=\"\" width=\"235\" height=\"300\" srcset=\"https:\/\/preprod.chrysnahair.fr\/wp-content\/uploads\/2023\/09\/image_2023-09-18_070429987-235x300.png 235w, https:\/\/preprod.chrysnahair.fr\/wp-content\/uploads\/2023\/09\/image_2023-09-18_070429987-370x472.png 370w, https:\/\/preprod.chrysnahair.fr\/wp-content\/uploads\/2023\/09\/image_2023-09-18_070429987.png 469w\" sizes=\"(max-width: 235px) 100vw, 235px\" \/><\/p>\n<p>Vous trouverez sur la boutique <strong>Chrysna Hair<\/strong> une s\u00e9lection restreinte d\u2019articles dont la qualit\u00e9 a \u00e9t\u00e9 v\u00e9rifi\u00e9e pour un prix abordable.<\/p>\n<p>Pour plus d\u2019informations, la marque <strong>Chrysna Hair<\/strong> est aussi pr\u00e9sente sur les r\u00e9seaux <a href=\"https:\/\/www.facebook.com\/chrysna.bass\">facebook<\/a>, <a href=\"https:\/\/www.instagram.com\/mylifechrysna\">instagram<\/a>, <a href=\"https:\/\/www.snapchat.com\/add\/chrysna.242\">snapchat<\/a>.<\/p>\n<\/div>\n<p>[\/vc_column_text][\/vc_column][\/vc_row]<\/p>\n<\/section>","protected":false},"excerpt":{"rendered":"<p>[vc_row css=\u00a0\u00bb.vc_custom_1499996270327{padding-bottom: 80px !important;}\u00a0\u00bb][vc_column][vc_custom_heading text=\u00a0\u00bbBienvenue chez\u00a0\u00bb font_container=\u00a0\u00bbtag:h3|font_size:24|text_align:center|color:%237a7992&Prime; google_fonts=\u00a0\u00bbfont_family:Arizonia%3Aregular|font_style:400%20regular%3A400%3Anormal\u00a0\u00bb css=\u00a0\u00bb.vc_custom_1688528125820{margin-bottom: -3px !important;}\u00a0\u00bb][vc_custom_heading text=\u00a0\u00bbChrysna\u00a0\u00bb font_container=\u00a0\u00bbtag:h3|font_size:36|text_align:center|color:%232d2c40&Prime; google_fonts=\u00a0\u00bbfont_family:Creepster%3Aregular|font_style:400%20regular%3A400%3Anormal\u00a0\u00bb el_class=\u00a0\u00bbfont-custom\u00a0\u00bb css=\u00a0\u00bb.vc_custom_1688528148902{margin-bottom: 14px !important;}\u00a0\u00bb][vc_column_text css=\u00a0\u00bb.vc_custom_1695792080558{margin-bottom: 33px !important;}\u00a0\u00bb] [\/vc_column_text][vc_column_text css=\u00a0\u00bb.vc_custom_1695017164523{padding-bottom: 53px !important;}\u00a0\u00bb] A l\u2019origine ! Passionn\u00e9e par les r\u00e9seaux sociaux, Chrysna a d\u2019abord commenc\u00e9, en juin 2019, par cr\u00e9er sa chaine youtube MyLifeChrysna pour partager ses astuces \u201ccuisine\u201d, \u201cbeaut\u00e9\u201d et autres \u201cbillets [&hellip;]<\/p>\n","protected":false},"author":1,"featured_media":0,"parent":0,"menu_order":0,"comment_status":"closed","ping_status":"closed","template":"","meta":[],"lang":"fr","translations":{"fr":737},"pll_sync_post":[],"_links":{"self":[{"href":"https:\/\/preprod.chrysnahair.fr\/index.php?rest_route=\/wp\/v2\/pages\/737"}],"collection":[{"href":"https:\/\/preprod.chrysnahair.fr\/index.php?rest_route=\/wp\/v2\/pages"}],"about":[{"href":"https:\/\/preprod.chrysnahair.fr\/index.php?rest_route=\/wp\/v2\/types\/page"}],"author":[{"embeddable":true,"href":"https:\/\/preprod.chrysnahair.fr\/index.php?rest_route=\/wp\/v2\/users\/1"}],"replies":[{"embeddable":true,"href":"https:\/\/preprod.chrysnahair.fr\/index.php?rest_route=%2Fwp%2Fv2%2Fcomments&post=737"}],"version-history":[{"count":7,"href":"https:\/\/preprod.chrysnahair.fr\/index.php?rest_route=\/wp\/v2\/pages\/737\/revisions"}],"predecessor-version":[{"id":2795,"href":"https:\/\/preprod.chrysnahair.fr\/index.php?rest_route=\/wp\/v2\/pages\/737\/revisions\/2795"}],"wp:attachment":[{"href":"https:\/\/preprod.chrysnahair.fr\/index.php?rest_route=%2Fwp%2Fv2%2Fmedia&parent=737"}],"curies":[{"name":"wp","href":"https:\/\/api.w.org\/{rel}","templated":true}]}}